{"id":2371,"date":"2023-03-10T08:46:21","date_gmt":"2023-03-10T16:46:21","guid":{"rendered":"https:\/\/mexicalisupply.mx\/?page_id=2371"},"modified":"2024-03-06T19:07:48","modified_gmt":"2024-03-07T03:07:48","slug":"talleres","status":"publish","type":"page","link":"https:\/\/mexicalisupply.mx\/en\/talleres\/","title":{"rendered":"Workshops"},"content":{"rendered":"<p>[et_pb_section fb_built=&#8221;1&#8243; _builder_version=&#8221;4.9.7&#8243; _module_preset=&#8221;default&#8221; custom_padding=&#8221;40px|||||&#8221; global_colors_info=&#8221;{}&#8221;][et_pb_row _builder_version=&#8221;4.10.3&#8243; _module_preset=&#8221;default&#8221; width=&#8221;62%&#8221; width_tablet=&#8221;92%&#8221; width_phone=&#8221;93%&#8221; width_last_edited=&#8221;on|desktop&#8221; custom_margin_tablet=&#8221;&#8221; custom_margin_phone=&#8221;&#8221; custom_margin_last_edited=&#8221;on|tablet&#8221; global_colors_info=&#8221;{}&#8221;][et_pb_column type=&#8221;4_4&#8243; _builder_version=&#8221;4.9.7&#8243; _module_preset=&#8221;default&#8221; global_colors_info=&#8221;{}&#8221;][et_pb_post_title meta=&#8221;off&#8221; featured_image=&#8221;off&#8221; _builder_version=&#8221;4.9.7&#8243; _module_preset=&#8221;default&#8221; title_font=&#8221;|600|||||||&#8221; title_text_align=&#8221;center&#8221; title_text_color=&#8221;#0B2F4E&#8221; title_font_size=&#8221;28px&#8221; global_colors_info=&#8221;{}&#8221;][\/et_pb_post_title][et_pb_text _builder_version=&#8221;4.10.3&#8243; _module_preset=&#8221;default&#8221; text_font_size=&#8221;17px&#8221; text_line_height=&#8221;1.5em&#8221; header_font=&#8221;|700|||||||&#8221; header_line_height=&#8221;1.5em&#8221; header_3_font=&#8221;|600|||||||&#8221; header_3_font_size=&#8221;19px&#8221; header_3_line_height=&#8221;1.5em&#8221; custom_margin=&#8221;11px||29px|||&#8221; global_colors_info=&#8221;{}&#8221;]<\/p>\n<p style=\"text-align: center;\"><span>For information and attendance confirmation send us an email to <\/span><a href=\"mailto:cursos@ceith.com.mx\" target=\"_blank\" rel=\"noopener\">cursos@ceith.com.mx<\/a><\/p>\n<p>[\/et_pb_text][et_pb_button button_text=&#8221;Registrate aqui&#8221; _builder_version=&#8221;4.10.3&#8243; _module_preset=&#8221;default&#8221; button_url=&#8221;https:\/\/forms.gle\/JkcR5Es2zwir6RpaA&#8221; url_new_window=&#8221;on&#8221; button_alignment=&#8221;center&#8221; custom_button=&#8221;on&#8221; button_text_color=&#8221;#FFFFFF&#8221; button_bg_color=&#8221;#A3AD4A&#8221; button_bg_enable_color=&#8221;on&#8221; button_border_color=&#8221;#A3AD4A&#8221; button_text_size=&#8221;21px&#8221; button_font=&#8221;|700|||||||&#8221; hover_enabled=&#8221;0&#8243; sticky_enabled=&#8221;0&#8243;][\/et_pb_button][et_pb_image src=&#8221;https:\/\/mexicalisupply.mx\/wp-content\/uploads\/2024\/03\/WhatsApp-Image-2024-03-06-at-6.20.20-PM.jpeg&#8221; title_text=&#8221;WhatsApp Image 2024-03-06 at 6.20.20 PM&#8221; align=&#8221;center&#8221; force_fullwidth=&#8221;on&#8221; src_tablet=&#8221;https:\/\/mexicalisupply.mx\/wp-content\/uploads\/2023\/03\/WhatsApp-Image-2023-03-08-at-5.42.30-PM.jpeg&#8221; src_phone=&#8221;https:\/\/mexicalisupply.mx\/wp-content\/uploads\/2023\/03\/WhatsApp-Image-2023-03-08-at-5.42.30-PM.jpeg&#8221; src_last_edited=&#8221;off|tablet&#8221; disabled_on=&#8221;off|off|off&#8221; _builder_version=&#8221;4.10.3&#8243; _module_preset=&#8221;default&#8221; width_tablet=&#8221;100%&#8221; width_phone=&#8221;100%&#8221; width_last_edited=&#8221;on|tablet&#8221; module_alignment=&#8221;center&#8221; hover_enabled=&#8221;0&#8243; global_colors_info=&#8221;{}&#8221; sticky_enabled=&#8221;0&#8243; url=&#8221;https:\/\/forms.gle\/JkcR5Es2zwir6RpaA&#8221; url_new_window=&#8221;on&#8221;][\/et_pb_image][\/et_pb_column][\/et_pb_row][\/et_pb_section]<\/p>","protected":false},"excerpt":{"rendered":"<p>Para informes y confirmaci\u00f3n de asistencias env\u00edanos un correo electr\u00f3nico a cursos@ceith.com.mx<\/p>","protected":false},"author":1,"featured_media":0,"parent":0,"menu_order":0,"comment_status":"closed","ping_status":"closed","template":"","meta":{"_et_pb_use_builder":"on","_et_pb_old_content":"","_et_gb_content_width":"","footnotes":""},"class_list":["post-2371","page","type-page","status-publish","hentry"],"_links":{"self":[{"href":"https:\/\/mexicalisupply.mx\/en\/wp-json\/wp\/v2\/pages\/2371","targetHints":{"allow":["GET"]}}],"collection":[{"href":"https:\/\/mexicalisupply.mx\/en\/wp-json\/wp\/v2\/pages"}],"about":[{"href":"https:\/\/mexicalisupply.mx\/en\/wp-json\/wp\/v2\/types\/page"}],"author":[{"embeddable":true,"href":"https:\/\/mexicalisupply.mx\/en\/wp-json\/wp\/v2\/users\/1"}],"replies":[{"embeddable":true,"href":"https:\/\/mexicalisupply.mx\/en\/wp-json\/wp\/v2\/comments?post=2371"}],"version-history":[{"count":7,"href":"https:\/\/mexicalisupply.mx\/en\/wp-json\/wp\/v2\/pages\/2371\/revisions"}],"predecessor-version":[{"id":2834,"href":"https:\/\/mexicalisupply.mx\/en\/wp-json\/wp\/v2\/pages\/2371\/revisions\/2834"}],"wp:attachment":[{"href":"https:\/\/mexicalisupply.mx\/en\/wp-json\/wp\/v2\/media?parent=2371"}],"curies":[{"name":"wp","href":"https:\/\/api.w.org\/{rel}","templated":true}]}}