{"id":372,"date":"2021-07-21T08:27:47","date_gmt":"2021-07-21T16:27:47","guid":{"rendered":"http:\/\/mexicalisupply.mx\/?page_id=372"},"modified":"2025-11-18T13:34:46","modified_gmt":"2025-11-18T21:34:46","slug":"acerca-de-mse","status":"publish","type":"page","link":"https:\/\/mexicalisupply.mx\/en\/acerca-de-mse\/","title":{"rendered":"About MSE"},"content":{"rendered":"<p>[et_pb_section fb_built=&#8221;1&#8243; _builder_version=&#8221;4.9.7&#8243; _module_preset=&#8221;default&#8221; custom_padding=&#8221;40px|||||&#8221; global_colors_info=&#8221;{}&#8221;][et_pb_row _builder_version=&#8221;4.9.7&#8243; _module_preset=&#8221;default&#8221; width=&#8221;70%&#8221; global_colors_info=&#8221;{}&#8221;][et_pb_column type=&#8221;4_4&#8243; _builder_version=&#8221;4.9.7&#8243; _module_preset=&#8221;default&#8221; global_colors_info=&#8221;{}&#8221;][et_pb_post_title meta=&#8221;off&#8221; featured_image=&#8221;off&#8221; _builder_version=&#8221;4.9.7&#8243; _module_preset=&#8221;default&#8221; title_font=&#8221;|600|||||||&#8221; title_text_align=&#8221;center&#8221; title_text_color=&#8221;#0B2F4E&#8221; title_font_size=&#8221;28px&#8221; global_colors_info=&#8221;{}&#8221;][\/et_pb_post_title][\/et_pb_column][\/et_pb_row][et_pb_row column_structure=&#8221;1_2,1_2&#8243; _builder_version=&#8221;4.9.7&#8243; _module_preset=&#8221;default&#8221; custom_padding=&#8221;0px|||||&#8221; global_colors_info=&#8221;{}&#8221;][et_pb_column type=&#8221;1_2&#8243; _builder_version=&#8221;4.9.7&#8243; _module_preset=&#8221;default&#8221; global_colors_info=&#8221;{}&#8221;][et_pb_text _builder_version=&#8221;4.10.3&#8243; _module_preset=&#8221;default&#8221; text_font_size=&#8221;17px&#8221; text_line_height=&#8221;1.5em&#8221; header_font=&#8221;|700|||||||&#8221; header_line_height=&#8221;1.5em&#8221; header_3_font=&#8221;|600|||||||&#8221; header_3_font_size=&#8221;19px&#8221; header_3_line_height=&#8221;1.5em&#8221; custom_margin=&#8221;42px||39px||false|false&#8221; custom_margin_tablet=&#8221;8px||20px||false|false&#8221; custom_margin_phone=&#8221;10px||10px||false|false&#8221; custom_margin_last_edited=&#8221;on|phone&#8221; hover_enabled=&#8221;0&#8243; global_colors_info=&#8221;{}&#8221; sticky_enabled=&#8221;0&#8243;]<\/p>\n<p style=\"font-weight: 400; text-align: justify;\">Mexicali Supply Expo was born in 2011 with the impetus of various promotional organizations in the city, with the commitment to support and improve supply to the local and regional industry. This 2026 has a particular characteristic due to the global phenomenon of <em>nearshoring<\/em>, which further denotes the importance of strengthening the value chain. <em>nearshoring<\/em> and the challenges inherent in the global context of new competitive scenarios.<\/p>\n<p style=\"font-weight: 400; text-align: justify;\">Acomp\u00e1\u00f1enos a Mexicali Supply 2026 en su 15va edici\u00f3n y sigamos juntos fortaleciendo la competitividad de nuestra regi\u00f3n.<\/p>\n<p>[\/et_pb_text][\/et_pb_column][et_pb_column type=&#8221;1_2&#8243; _builder_version=&#8221;4.9.7&#8243; _module_preset=&#8221;default&#8221; global_colors_info=&#8221;{}&#8221;][et_pb_image src=&#8221;https:\/\/mexicalisupply.mx\/wp-content\/uploads\/2023\/11\/337294538_621375859465821_493541290079231261_n.jpg&#8221; title_text=&#8221;337294538_621375859465821_493541290079231261_n&#8221; align=&#8221;center&#8221; _builder_version=&#8221;4.10.3&#8243; _module_preset=&#8221;default&#8221; width=&#8221;76%&#8221; width_tablet=&#8221;&#8221; width_phone=&#8221;&#8221; width_last_edited=&#8221;on|desktop&#8221; module_alignment=&#8221;center&#8221; module_alignment_last_edited=&#8221;off|desktop&#8221; box_shadow_style=&#8221;preset4&#8243; box_shadow_color=&#8221;#0B2F4E&#8221; global_colors_info=&#8221;{}&#8221;][\/et_pb_image][\/et_pb_column][\/et_pb_row][et_pb_row _builder_version=&#8221;4.9.7&#8243; _module_preset=&#8221;default&#8221; custom_padding=&#8221;|38px||38px||true&#8221; global_colors_info=&#8221;{}&#8221;][et_pb_column type=&#8221;4_4&#8243; _builder_version=&#8221;4.9.7&#8243; _module_preset=&#8221;default&#8221; global_colors_info=&#8221;{}&#8221;][et_pb_text disabled_on=&#8221;on|on|on&#8221; _builder_version=&#8221;4.10.3&#8243; _module_preset=&#8221;default&#8221; text_font_size=&#8221;19px&#8221; text_line_height=&#8221;1.5em&#8221; header_font=&#8221;|700|||||||&#8221; header_line_height=&#8221;1.5em&#8221; header_3_font=&#8221;|600|||||||&#8221; header_3_font_size=&#8221;19px&#8221; header_3_line_height=&#8221;1.5em&#8221; custom_margin=&#8221;5px||-8px|||&#8221; disabled=&#8221;on&#8221; global_colors_info=&#8221;{}&#8221;]<\/p>\n<p style=\"text-align: center;\"><strong>Mexicali Supply Expo<\/strong>\u00a0will take place on <span style=\"color: #96c41f;\"><strong>Thursday, February 24th, 2022<\/strong><\/span> at <span style=\"color: #96c41f;\"><strong>Centro de Convenciones y Espectaculos CEART Mexicali<\/strong><\/span>\u00a0located on Av. Pi\u00f1on #2000, Col. Dos Divisi\u00f3n Dos, in the city of Mexicali, Baja California, M\u00e9xico.<\/p>\n<p style=\"text-align: center;\" class=\"translation-block\"><strong>Join us from 8:30 am to our opening ceremony and until 5 in the afternoon.<\/strong><\/p>\n<p style=\"text-align: justify;\">[\/et_pb_text][et_pb_text _builder_version=&#8221;4.10.3&#8243; _module_preset=&#8221;default&#8221; text_font_size=&#8221;19px&#8221; text_line_height=&#8221;1.5em&#8221; header_font=&#8221;|700|||||||&#8221; header_line_height=&#8221;1.5em&#8221; header_3_font=&#8221;|600|||||||&#8221; header_3_font_size=&#8221;19px&#8221; header_3_line_height=&#8221;1.5em&#8221; custom_margin=&#8221;5px||-8px|||&#8221; global_colors_info=&#8221;{}&#8221;]<\/p>\n<p style=\"text-align: center;\"><strong>Mexicali Supply Expo<\/strong>\u00a0will take place on <span style=\"color: #96c41f;\"><strong>Thursday, March 19th, 2026 <\/strong><span style=\"color: #333333;\">at<\/span> <strong>CEART Mexicali Convention Center<\/strong>\u00a0<span style=\"color: #5b5b5b;\">located on Calz. de los Presidentes s\/n, Col. Zona Industrial, C.P. 21150,\u00a0<em>Mexicali<\/em>, Baja California.<\/span><\/span><\/p>\n<p style=\"text-align: center;\" class=\"translation-block\"><strong>Join us from 9:30 am to our opening ceremony and until 6 in the afternoon.<\/strong><\/p>\n<p style=\"text-align: center;\">[\/et_pb_text][\/et_pb_column][\/et_pb_row][et_pb_row column_structure=&#8221;1_2,1_2&#8243; _builder_version=&#8221;4.9.7&#8243; _module_preset=&#8221;default&#8221; custom_padding=&#8221;13px|||||&#8221; global_colors_info=&#8221;{}&#8221;][et_pb_column type=&#8221;1_2&#8243; _builder_version=&#8221;4.9.7&#8243; _module_preset=&#8221;default&#8221; global_colors_info=&#8221;{}&#8221;][et_pb_image src=&#8221;https:\/\/mexicalisupply.mx\/wp-content\/uploads\/2023\/11\/337299041_743233224121032_8420411241398196794_n.jpg&#8221; title_text=&#8221;337299041_743233224121032_8420411241398196794_n&#8221; align=&#8221;center&#8221; _builder_version=&#8221;4.10.3&#8243; _module_preset=&#8221;default&#8221; box_shadow_style=&#8221;preset4&#8243; box_shadow_color=&#8221;#0B2F4E&#8221; global_colors_info=&#8221;{}&#8221;][\/et_pb_image][\/et_pb_column][et_pb_column type=&#8221;1_2&#8243; _builder_version=&#8221;4.9.7&#8243; _module_preset=&#8221;default&#8221; global_colors_info=&#8221;{}&#8221;][et_pb_text _builder_version=&#8221;4.10.3&#8243; _module_preset=&#8221;default&#8221; text_font_size=&#8221;17px&#8221; text_line_height=&#8221;1.5em&#8221; header_font=&#8221;|700|||||||&#8221; header_line_height=&#8221;1.5em&#8221; header_3_font=&#8221;|600|||||||&#8221; header_3_font_size=&#8221;19px&#8221; header_3_line_height=&#8221;1.5em&#8221; custom_margin=&#8221;36px||0px||false|false&#8221; custom_margin_tablet=&#8221;&#8221; custom_margin_phone=&#8221;40px||||false|false&#8221; custom_margin_last_edited=&#8221;on|phone&#8221; global_colors_info=&#8221;{}&#8221;]<\/p>\n<p style=\"text-align: justify;\">Mexicali Supply Expo 2026 will have 119 exhibition spaces from specialized suppliers focused on meeting the demand of the manufacturing industry. With a focus on visiting executives from purchasing industries from various sectors who seek to develop supply options for products and services for their local operations in sectors such as electronics, medical, aerospace, automotive, mechanical metal, food, among others. All with decision-making power within their organizations. Make the most of your participation.<\/p>\n<p style=\"text-align: justify;\">Industrial exhibition, business meeting and specialized conferences are the perfect mix to have a successful day this March 19th, 2026. Reserve your stand today at <a href=\"mailto:info@mexicalisupply.mx\">info@mexicalisupply.mx<\/a><\/p>\n<p>[\/et_pb_text][\/et_pb_column][\/et_pb_row][\/et_pb_section]<\/p>","protected":false},"excerpt":{"rendered":"<p>Mexicali Supply Expo nace en el 2011 con el impulso de diversos organismos promotores de la ciudad, con el compromiso de apoyar y mejorar la proveedur\u00eda hacia la industria local y regional. Este 2026 reviste una caracter\u00edstica particular por el fen\u00f3meno global del nearshoring y los retos propios del contexto global de nuevos escenarios de [&hellip;]<\/p>","protected":false},"author":1,"featured_media":0,"parent":0,"menu_order":0,"comment_status":"closed","ping_status":"closed","template":"","meta":{"_et_pb_use_builder":"on","_et_pb_old_content":"","_et_gb_content_width":"","footnotes":""},"class_list":["post-372","page","type-page","status-publish","hentry"],"_links":{"self":[{"href":"https:\/\/mexicalisupply.mx\/en\/wp-json\/wp\/v2\/pages\/372","targetHints":{"allow":["GET"]}}],"collection":[{"href":"https:\/\/mexicalisupply.mx\/en\/wp-json\/wp\/v2\/pages"}],"about":[{"href":"https:\/\/mexicalisupply.mx\/en\/wp-json\/wp\/v2\/types\/page"}],"author":[{"embeddable":true,"href":"https:\/\/mexicalisupply.mx\/en\/wp-json\/wp\/v2\/users\/1"}],"replies":[{"embeddable":true,"href":"https:\/\/mexicalisupply.mx\/en\/wp-json\/wp\/v2\/comments?post=372"}],"version-history":[{"count":29,"href":"https:\/\/mexicalisupply.mx\/en\/wp-json\/wp\/v2\/pages\/372\/revisions"}],"predecessor-version":[{"id":3599,"href":"https:\/\/mexicalisupply.mx\/en\/wp-json\/wp\/v2\/pages\/372\/revisions\/3599"}],"wp:attachment":[{"href":"https:\/\/mexicalisupply.mx\/en\/wp-json\/wp\/v2\/media?parent=372"}],"curies":[{"name":"wp","href":"https:\/\/api.w.org\/{rel}","templated":true}]}}